{"id":2194,"date":"2024-01-24T10:06:15","date_gmt":"2024-01-24T15:06:15","guid":{"rendered":"https:\/\/maseguin.ca\/politique-de-protection-des-renseignements-personnels\/"},"modified":"2024-02-20T11:42:50","modified_gmt":"2024-02-20T16:42:50","slug":"protection-of-personal-information-policy","status":"publish","type":"page","link":"https:\/\/maseguin.ca\/en\/protection-of-personal-information-policy\/","title":{"rendered":"Protection of personal information policy"},"content":{"rendered":"\t\t<div data-elementor-type=\"wp-page\" data-elementor-id=\"2194\" class=\"elementor elementor-2194 elementor-1963\" data-elementor-post-type=\"page\">\n\t\t\t\t<div data-particle_enable=\"false\" data-particle-mobile-disabled=\"false\" class=\"elementor-element elementor-element-e9bda8c e-flex e-con-boxed e-con e-parent\" data-id=\"e9bda8c\" data-element_type=\"container\" data-e-type=\"container\">\n\t\t\t\t\t<div class=\"e-con-inner\">\n\t\t\t\t<div class=\"elementor-element elementor-element-2513191 elementor-widget elementor-widget-heading\" data-id=\"2513191\" data-element_type=\"widget\" data-e-type=\"widget\" data-widget_type=\"heading.default\">\n\t\t\t\t<div class=\"elementor-widget-container\">\n\t\t\t\t\t<h2 class=\"elementor-heading-title elementor-size-default\">Protection of personal information policy<\/h2>\t\t\t\t<\/div>\n\t\t\t\t<\/div>\n\t\t\t\t<div class=\"elementor-element elementor-element-17087de elementor-widget elementor-widget-text-editor\" data-id=\"17087de\" data-element_type=\"widget\" data-e-type=\"widget\" data-widget_type=\"text-editor.default\">\n\t\t\t\t<div class=\"elementor-widget-container\">\n\t\t\t\t\t\t\t\t\t<p><span style=\"font-weight: 400;\">This policy aims to ensure the protection of personal information and define the procedures for the collection, use, disclosure, storage, destruction, and management of information by M-A S\u00e9guin CPA Inc., including management, employees, suppliers, etc. Furthermore, it aims to inform any individual concerned about the processing of their personal information by M-A S\u00e9guin CPA Inc., whether it pertains to clients, employees, or any other individuals.<\/span><\/p><p>\u00a0<\/p><p><span style=\"font-weight: 400;\">RESPONSIBILITY<\/span><\/p><p><span style=\"font-weight: 400;\">M-A S\u00e9guin CPA Inc. assumes full responsibility for the protection of personal information under its control. The collection, use, disclosure, storage, or destruction of information is governed by this policy with the aim of safeguarding the privacy of every individual.<\/span><\/p><p>\u00a0<\/p><p><span style=\"font-weight: 400;\">To ensure the optimal protection of personal information, the person responsible for information protection at M-A S\u00e9guin CPA Inc. must:<\/span><\/p><ul><li style=\"font-weight: 400;\" aria-level=\"1\"><p><span style=\"font-weight: 400;\">Oversee and review internal practices and procedures for the processing of personal information, ensuring compliance with current laws.<\/span><\/p><\/li><li style=\"font-weight: 400;\" aria-level=\"1\"><p><span style=\"font-weight: 400;\">Propose measures to ensure the ongoing protection of personal information in line with privacy impact assessments.<\/span><\/p><\/li><li style=\"font-weight: 400;\" aria-level=\"1\"><p><span style=\"font-weight: 400;\">Implement necessary measures within the company to safeguard information.<\/span><\/p><\/li><li style=\"font-weight: 400;\" aria-level=\"1\"><p><span style=\"font-weight: 400;\">Provide training for staff and ensure compliance with best practices for protecting personal information.<\/span><\/p><\/li><li style=\"font-weight: 400;\" aria-level=\"1\"><p><span style=\"font-weight: 400;\">Coordinate, investigate, and respond to requests and complaints regarding the protection of personal information.<\/span><\/p><\/li><li style=\"font-weight: 400;\" aria-level=\"1\"><p><span style=\"font-weight: 400;\">Communicate with affected individuals and the Commission d&#8217;acc\u00e8s \u00e0 l&#8217;information (CAI) in the event of a data breach or any incident.<\/span><\/p><\/li><li style=\"font-weight: 400;\" aria-level=\"1\"><p><span style=\"font-weight: 400;\">Maintain a record of incidents related to personal data.<\/span><\/p><\/li><\/ul><p>\u00a0<\/p><p><span style=\"font-weight: 400;\">Protecting personal information is everyone&#8217;s responsibility. No retaliation shall be taken against an individual who files a complaint related to the protection of personal information or participates in an investigation process by the Commission d&#8217;acc\u00e8s \u00e0 l&#8217;information (CAI).<\/span><\/p><p>\u00a0<\/p><p><span style=\"font-weight: 400;\">COLLECTION OF PERSONAL INFORMATION<\/span><\/p><p><span style=\"font-weight: 400;\">The personal information collected enables the functioning of M-A S\u00e9guin CPA Inc.&#8217;s activities in accordance with applicable laws and standards. M-A S\u00e9guin CPA Inc. collects personal information only when necessary and for specific and pre-defined purposes. The collection of personal information is carried out directly from the concerned individual and with their consent, unless an exception is provided by law.<\/span><\/p><p>\u00a0<\/p><p><span style=\"font-weight: 400;\">In Annex A, you will find a non-exhaustive list of collected information and the intended use of the data. The majority of collected personal information pertains to employees to meet the legal obligations of the company. The disclosure of personal information about other individuals may be requested to assist employees in case of emergencies, for example. It is the responsibility of employees to give their consent before providing us with their contact details.<\/span><\/p><p>\u00a0<\/p><p><span style=\"font-weight: 400;\">Regarding client information, data is provided to feed into our Customer Relationship Management (CRM) program, contracts, and billing, but is mostly of a professional nature, such as email and phone number for contact purposes or payment method for services rendered. Payment information is entered, whenever possible, by the client into the CRM and is masked from the rest of the company to ensure confidentiality. For clients who have filled out a form including their credit card information or their business or professional bank account number, the data is accessible only by a small number of employees, such as administration and owners, to process the records.<\/span><\/p><p>\u00a0<\/p><p><span style=\"font-weight: 400;\">CONSENT AND ACCURACY OF PERSONAL INFORMATION<\/span><\/p><p><span style=\"font-weight: 400;\">M-A S\u00e9guin CPA Inc. ensures that the collection of personal information is done for justified, clear, and specific reasons and with the voluntary and informed consent of the individual. Consent is required for any collection, use, or disclosure of personal information. Before collecting personal information, we will ensure to obtain your informed consent in writing and separately, providing clear details about the purpose of the collection and how the information will be used. Your consent is essential to ensure the protection of your personal data.<\/span><\/p><p>\u00a0<\/p><p><span style=\"font-weight: 400;\">LIMITATION OF THE USE OF PERSONAL INFORMATION<\/span><\/p><p><span style=\"font-weight: 400;\">We collect and use your personal information only when necessary and for the purposes for which consent has been obtained. M-A S\u00e9guin CPA Inc. is obligated to provide certain information to satisfy legal and regulatory verification processes and requirements. The use may vary but could serve various purposes as outlined in Annex A.<\/span><\/p><p>\u00a0<\/p><p><span style=\"font-weight: 400;\">Information may be disclosed to third parties to the extent necessary for the purposes mentioned in Annex A. M-A S\u00e9guin CPA Inc. cannot be held responsible for the behavior and use undertaken by third parties.<\/span><\/p><p>\u00a0<\/p><p><span style=\"font-weight: 400;\">Personal information will not be used or disclosed for purposes other than the specific identified objectives, unless required by law.<\/span><\/p><p>\u00a0<\/p><p><span style=\"font-weight: 400;\">PROTECTION OF YOUR PERSONAL INFORMATION<\/span><\/p><p><span style=\"font-weight: 400;\">M-A S\u00e9guin CPA Inc. takes all reasonable precautions and has implemented significant physical and technical measures to prevent unauthorized or illegal use and access to personal information. Thus, the measures in place include, but are not limited to:<\/span><\/p><ul><li style=\"font-weight: 400;\" aria-level=\"1\"><p><span style=\"font-weight: 400;\">Using information only when necessary;<\/span><\/p><\/li><li style=\"font-weight: 400;\" aria-level=\"1\"><p><span style=\"font-weight: 400;\">Ensuring the confidentiality and protection of personal information that an individual may become aware of in the course of their duties, unless authorized to disclose it by the concerned individual;<\/span><\/p><\/li><li style=\"font-weight: 400;\" aria-level=\"1\"><p><span style=\"font-weight: 400;\">Protecting records with selective and limited access to authorized personnel;<\/span><\/p><\/li><li style=\"font-weight: 400;\" aria-level=\"1\"><p><span style=\"font-weight: 400;\">Securing office access with door locks and access codes;<\/span><\/p><\/li><li style=\"font-weight: 400;\" aria-level=\"1\"><p><span style=\"font-weight: 400;\">Secure shredding of paper records;<\/span><\/p><\/li><li style=\"font-weight: 400;\" aria-level=\"1\"><p><span style=\"font-weight: 400;\">Immediate removal of access following the end of a business relationship.<\/span><\/p><\/li><\/ul><p><span style=\"font-weight: 400;\">All individuals are required to contribute to the protection of personal information. If you suspect that sensitive information has been compromised, you must immediately notify the person responsible for the protection of personal information.<\/span><\/p><p>\u00a0<\/p><p><span style=\"font-weight: 400;\">DURATION OF RETENTION OF YOUR PERSONAL INFORMATION<\/span><\/p><p><span style=\"font-weight: 400;\">M-A S\u00e9guin CPA Inc. commits to adhering to the minimum retention periods specified according to the category of personal information and applicable laws, including the Chartered Professional Accountants Act. However, if the collected information is no longer useful for M-A S\u00e9guin CPA Inc. and its retention is neither necessary nor mandatory under various legislative frameworks, it will be destroyed, erased, or converted in a way to maintain anonymity.<\/span><\/p><p>\u00a0<\/p><p><span style=\"font-weight: 400;\">COMMITMENT TO TRANSPARENCY<\/span><\/p><p><span style=\"font-weight: 400;\">M-A S\u00e9guin CPA Inc. is committed to transparency regarding the processing, procedures, and purposes of use that govern personal information for clients, employees, interns, and business partners.<\/span><\/p><p>\u00a0<\/p><p><span style=\"font-weight: 400;\">ACCESS TO YOUR PERSONAL INFORMATION<\/span><\/p><p><span style=\"font-weight: 400;\">An individual may request access to the personal information concerning them and the means used to collect it. Depending on the content of the individual&#8217;s file, exceptions may be applicable, such as personal information about others, however, the individual will be informed. In the case of inaccurate information in the file, the concerned individual may request correction.<\/span><\/p><p>\u00a0<\/p><p><span style=\"font-weight: 400;\">For any inquiries, withdrawal, and\/or modification of personal information, you can write to the email address info@maseguin.ca. At any time, you may withdraw your consent to the disclosure of your personal information. A written request must be submitted to the person responsible for personal information protection at info@maseguin.ca. A response will be provided within 30 days of the date of receipt. When it is not possible to share the requested information, legal justification and support must be provided to explain the decision to the requester.<\/span><\/p><p>\u00a0<\/p><p><span style=\"font-weight: 400;\">COMPLAINT PROCEDURE<\/span><\/p><p><span style=\"font-weight: 400;\">An individual who believes that their personal information has been collected, retained, used, disclosed, or destroyed in a manner inconsistent with the provisions of this policy can file a confidential complaint with the person responsible for the protection of personal information at the email address info@maseguin.ca. The individual must provide their name, contact information, including a phone number, as well as the subject and reasons for the complaint. It is necessary to provide sufficient details for the complaint to be properly assessed. A response will be provided within 30 days of the date of receipt of the complaint. If the complaint is insufficiently specific, the person responsible for the protection of personal information may request additional information deemed necessary to assess the complaint. The responsible party will conduct an investigation into the received complaints, minimize damages, and implement necessary corrections.<\/span><\/p><p>\u00a0<\/p><p><span style=\"font-weight: 400;\">It is also possible to file a complaint with the Commission d&#8217;acc\u00e8s \u00e0 l&#8217;information du Qu\u00e9bec. However, M-A S\u00e9guin CPA Inc. encourages concerned individuals to first communicate with the person responsible for the protection of personal information and to await the conclusion of the prescribed processing process.<\/span><\/p><p>\u00a0<\/p><p><span style=\"font-weight: 400;\">APPROVAL<\/span><\/p><p><span style=\"font-weight: 400;\">This policy is approved by the person responsible for the protection of personal information within M-A S\u00e9guin CPA Inc.<\/span><\/p><p><b>Person Responsible for the Protection of Personal Information:<\/b><\/p><p><span style=\"font-weight: 400;\">Marc-Andr\u00e9 S\u00e9guin, CPA<\/span><\/p><p><span style=\"font-weight: 400;\">195 Boul Gr\u00e9ber, Suite 207<\/span><\/p><p><span style=\"font-weight: 400;\">Gatineau, Qu\u00e9bec<\/span><\/p><p><span style=\"font-weight: 400;\">J8T 3R1<\/span><\/p><p>\u00a0<\/p><p><span style=\"font-weight: 400;\">For any requests, questions, or comments regarding this policy, please contact the responsible person via email.<\/span><\/p>\t\t\t\t\t\t\t\t<\/div>\n\t\t\t\t<\/div>\n\t\t\t\t<div class=\"elementor-element elementor-element-f715c6f elementor-widget elementor-widget-text-editor\" data-id=\"f715c6f\" data-element_type=\"widget\" data-e-type=\"widget\" data-widget_type=\"text-editor.default\">\n\t\t\t\t<div class=\"elementor-widget-container\">\n\t\t\t\t\t\t\t\t\t<p><span style=\"font-weight: 400;\">ANNEX A<\/span><\/p><table><tbody><tr><td><p><b>Persons Concerned<\/b><\/p><\/td><td><p><b>Category of Information<\/b><\/p><\/td><td><p><b>Type of Information<\/b><\/p><\/td><td><p><b>Purposes for Which Information is Retained<\/b><\/p><\/td><\/tr><tr><td rowspan=\"2\"><p><span style=\"font-weight: 400;\">Employees<\/span><\/p><\/td><td><p><span style=\"font-weight: 400;\">Staffing<\/span><\/p><\/td><td><p><span style=\"font-weight: 400;\">Recruitment information, such as a resume, educational and professional background information, details regarding previous employers for employment verification for potential recruitment.<\/span><\/p><\/td><td><p><span style=\"font-weight: 400;\">Internal management (candidate evaluation)<\/span><\/p><\/td><\/tr><tr><td><p><span style=\"font-weight: 400;\">Hiring (jobs and internships)<\/span><\/p><\/td><td><p><span style=\"font-weight: 400;\">Information to be included in the employee file such as name, address, SIN, remuneration, banking information, employment or internship contract, emergency contacts, etc.<\/span><\/p><\/td><td><p><span style=\"font-weight: 400;\">Internal management (payroll operation, legal obligations, CNESST, RRSP, pay equity, performance management, etc.)<\/span><\/p><\/td><\/tr><tr><td><p><span style=\"font-weight: 400;\">Clients and suppliers<\/span><\/p><\/td><td><p><span style=\"font-weight: 400;\">Accounting management system, CRM, and project management<\/span><\/p><\/td><td><p><span style=\"font-weight: 400;\">Information related to requested and\/or provided services.<\/span><\/p><br \/><p><span style=\"font-weight: 400;\">Information related to billing and financial details, such as billing address, banking information, or payment data.<\/span><\/p><\/td><td><p><span style=\"font-weight: 400;\">Internal management (IT services, cybersecurity, billing, project management, communication management, information gathering within a program, contracts, and service agreements)<\/span><\/p><\/td><\/tr><\/tbody><\/table><p><br \/><br \/><\/p>\t\t\t\t\t\t\t\t<\/div>\n\t\t\t\t<\/div>\n\t\t\t\t\t<\/div>\n\t\t\t\t<\/div>\n\t\t\t\t<\/div>\n\t\t","protected":false},"excerpt":{"rendered":"<p>Protection of personal information policy This policy aims to ensure the protection of personal information and define the procedures for the collection, use, disclosure, storage, destruction, and management of information by M-A S\u00e9guin CPA Inc., including management, employees, suppliers, etc. Furthermore, it aims to inform any individual concerned about the processing of their personal information [&hellip;]<\/p>\n","protected":false},"author":1,"featured_media":0,"parent":0,"menu_order":0,"comment_status":"closed","ping_status":"closed","template":"","meta":{"_acf_changed":false,"_seopress_robots_primary_cat":"","_seopress_titles_title":"","_seopress_titles_desc":"","_seopress_robots_index":"yes","footnotes":""},"class_list":["post-2194","page","type-page","status-publish"],"acf":[],"_links":{"self":[{"href":"https:\/\/maseguin.ca\/en\/wp-json\/wp\/v2\/pages\/2194","targetHints":{"allow":["GET"]}}],"collection":[{"href":"https:\/\/maseguin.ca\/en\/wp-json\/wp\/v2\/pages"}],"about":[{"href":"https:\/\/maseguin.ca\/en\/wp-json\/wp\/v2\/types\/page"}],"author":[{"embeddable":true,"href":"https:\/\/maseguin.ca\/en\/wp-json\/wp\/v2\/users\/1"}],"replies":[{"embeddable":true,"href":"https:\/\/maseguin.ca\/en\/wp-json\/wp\/v2\/comments?post=2194"}],"version-history":[{"count":0,"href":"https:\/\/maseguin.ca\/en\/wp-json\/wp\/v2\/pages\/2194\/revisions"}],"wp:attachment":[{"href":"https:\/\/maseguin.ca\/en\/wp-json\/wp\/v2\/media?parent=2194"}],"curies":[{"name":"wp","href":"https:\/\/api.w.org\/{rel}","templated":true}]}}